{"id":10400,"date":"2024-06-07T22:49:54","date_gmt":"2024-06-07T22:49:54","guid":{"rendered":"https:\/\/tdmcommunicationsinc.com\/?page_id=10400"},"modified":"2024-06-10T14:33:49","modified_gmt":"2024-06-10T14:33:49","slug":"yololiv","status":"publish","type":"page","link":"https:\/\/tdmcommunicationsinc.com\/es\/marcas\/yololiv\/","title":{"rendered":"YoloLiv"},"content":{"rendered":"<div data-elementor-type=\"wp-page\" data-elementor-id=\"10400\" class=\"elementor elementor-10400\" data-elementor-post-type=\"page\">\n\t\t\t\t\t\t<section class=\"elementor-section elementor-top-section elementor-element elementor-element-c69c7d6 elementor-section-boxed elementor-section-height-default elementor-section-height-default\" data-id=\"c69c7d6\" data-element_type=\"section\">\n\t\t\t\t\t\t<div class=\"elementor-container elementor-column-gap-default\">\n\t\t\t\t\t<div class=\"elementor-column elementor-col-50 elementor-top-column elementor-element elementor-element-f103ec6\" data-id=\"f103ec6\" data-element_type=\"column\">\n\t\t\t<div class=\"elementor-widget-wrap elementor-element-populated\">\n\t\t\t\t\t\t<div class=\"elementor-element elementor-element-575f1f7 elementor-invisible elementor-widget elementor-widget-heading\" data-id=\"575f1f7\" data-element_type=\"widget\" data-settings=\"{&quot;_animation&quot;:&quot;fadeInLeft&quot;}\" data-widget_type=\"heading.default\">\n\t\t\t\t<div class=\"elementor-widget-container\">\n\t\t\t<h1 class=\"elementor-heading-title elementor-size-default\">YoloLiv<\/h1>\t\t<\/div>\n\t\t\t\t<\/div>\n\t\t\t\t<div class=\"elementor-element elementor-element-183cdec elementor-invisible elementor-widget elementor-widget-heading\" data-id=\"183cdec\" data-element_type=\"widget\" data-settings=\"{&quot;_animation&quot;:&quot;fadeInLeft&quot;}\" data-widget_type=\"heading.default\">\n\t\t\t\t<div class=\"elementor-widget-container\">\n\t\t\t<h5 class=\"elementor-heading-title elementor-size-default\">Transmite en vivo desde cualquier lugar a cualquier destino con YoloLiv<\/h5>\t\t<\/div>\n\t\t\t\t<\/div>\n\t\t\t\t<div class=\"elementor-element elementor-element-78347c1 elementor-invisible elementor-widget elementor-widget-text-editor\" data-id=\"78347c1\" data-element_type=\"widget\" data-settings=\"{&quot;_animation&quot;:&quot;fadeInLeft&quot;}\" data-widget_type=\"text-editor.default\">\n\t\t\t\t<div class=\"elementor-widget-container\">\n\t\t\t\t\t\t\t<p><a href=\"https:\/\/www.youtube.com\/@YoloLivTech\" target=\"_blank\" rel=\"noopener\">YoloLiv Tech<\/a>, l\u00edder en el dise\u00f1o y desarrollo de equipos y soluciones para la producci\u00f3n en vivo, tiene su sede oficial en Hangzhou, China. Desde su fundaci\u00f3n, YoloLiv se ha centrado en hacer que las transmisiones en vivo profesionales sean accesibles para todos. Por ello, siempre est\u00e1 en constante innovaci\u00f3n de hardware y software.<\/p>\t\t\t\t\t\t<\/div>\n\t\t\t\t<\/div>\n\t\t\t\t\t<\/div>\n\t\t<\/div>\n\t\t\t\t<div class=\"elementor-column elementor-col-50 elementor-top-column elementor-element elementor-element-08241ad\" data-id=\"08241ad\" data-element_type=\"column\">\n\t\t\t<div class=\"elementor-widget-wrap elementor-element-populated\">\n\t\t\t\t\t\t<div class=\"elementor-element elementor-element-7cca1d3 elementor-invisible elementor-widget elementor-widget-image\" data-id=\"7cca1d3\" data-element_type=\"widget\" data-settings=\"{&quot;_animation&quot;:&quot;fadeInRight&quot;}\" data-widget_type=\"image.default\">\n\t\t\t\t<div class=\"elementor-widget-container\">\n\t\t\t\t\t\t\t\t\t\t\t\t\t<img fetchpriority=\"high\" decoding=\"async\" width=\"1024\" height=\"242\" src=\"https:\/\/tdmcommunicationsinc.com\/wp-content\/uploads\/2024\/06\/Yololiv-Logo-1024x242.png\" class=\"attachment-large size-large wp-image-10401\" alt=\"YoloLiv\" srcset=\"https:\/\/tdmcommunicationsinc.com\/wp-content\/uploads\/2024\/06\/Yololiv-Logo-1024x242.png 1024w, https:\/\/tdmcommunicationsinc.com\/wp-content\/uploads\/2024\/06\/Yololiv-Logo-768x182.png 768w, https:\/\/tdmcommunicationsinc.com\/wp-content\/uploads\/2024\/06\/Yololiv-Logo-1536x363.png 1536w, https:\/\/tdmcommunicationsinc.com\/wp-content\/uploads\/2024\/06\/Yololiv-Logo-2048x484.png 2048w, https:\/\/tdmcommunicationsinc.com\/wp-content\/uploads\/2024\/06\/Yololiv-Logo-18x4.png 18w\" sizes=\"(max-width: 1024px) 100vw, 1024px\" \/>\t\t\t\t\t\t\t\t\t\t\t\t\t<\/div>\n\t\t\t\t<\/div>\n\t\t\t\t\t<\/div>\n\t\t<\/div>\n\t\t\t\t\t<\/div>\n\t\t<\/section>\n\t\t\t\t<section class=\"elementor-section elementor-top-section elementor-element elementor-element-a7a9062 elementor-reverse-mobile elementor-section-boxed elementor-section-height-default elementor-section-height-default\" data-id=\"a7a9062\" data-element_type=\"section\">\n\t\t\t\t\t\t<div class=\"elementor-container elementor-column-gap-default\">\n\t\t\t\t\t<div class=\"elementor-column elementor-col-50 elementor-top-column elementor-element elementor-element-14d678f\" data-id=\"14d678f\" data-element_type=\"column\">\n\t\t\t<div class=\"elementor-widget-wrap elementor-element-populated\">\n\t\t\t\t\t\t<div class=\"elementor-element elementor-element-612df42 elementor-invisible elementor-widget elementor-widget-image\" data-id=\"612df42\" data-element_type=\"widget\" data-settings=\"{&quot;_animation&quot;:&quot;fadeInLeft&quot;}\" data-widget_type=\"image.default\">\n\t\t\t\t<div class=\"elementor-widget-container\">\n\t\t\t\t\t\t\t\t\t\t\t\t\t<img decoding=\"async\" width=\"1024\" height=\"1024\" src=\"https:\/\/tdmcommunicationsinc.com\/wp-content\/uploads\/2024\/06\/YoloLiv-Product-1024x1024.jpg\" class=\"attachment-large size-large wp-image-10404\" alt=\"\" srcset=\"https:\/\/tdmcommunicationsinc.com\/wp-content\/uploads\/2024\/06\/YoloLiv-Product-1024x1024.jpg 1024w, https:\/\/tdmcommunicationsinc.com\/wp-content\/uploads\/2024\/06\/YoloLiv-Product-300x300.jpg 300w, https:\/\/tdmcommunicationsinc.com\/wp-content\/uploads\/2024\/06\/YoloLiv-Product-150x150.jpg 150w, https:\/\/tdmcommunicationsinc.com\/wp-content\/uploads\/2024\/06\/YoloLiv-Product-768x768.jpg 768w, https:\/\/tdmcommunicationsinc.com\/wp-content\/uploads\/2024\/06\/YoloLiv-Product-12x12.jpg 12w, https:\/\/tdmcommunicationsinc.com\/wp-content\/uploads\/2024\/06\/YoloLiv-Product.jpg 1080w\" sizes=\"(max-width: 1024px) 100vw, 1024px\" \/>\t\t\t\t\t\t\t\t\t\t\t\t\t<\/div>\n\t\t\t\t<\/div>\n\t\t\t\t\t<\/div>\n\t\t<\/div>\n\t\t\t\t<div class=\"elementor-column elementor-col-50 elementor-top-column elementor-element elementor-element-938b604 elementor-invisible\" data-id=\"938b604\" data-element_type=\"column\" data-settings=\"{&quot;animation&quot;:&quot;fadeInLeft&quot;}\">\n\t\t\t<div class=\"elementor-widget-wrap elementor-element-populated\">\n\t\t\t\t\t\t<div class=\"elementor-element elementor-element-38a7d95 elementor-widget elementor-widget-heading\" data-id=\"38a7d95\" data-element_type=\"widget\" data-widget_type=\"heading.default\">\n\t\t\t\t<div class=\"elementor-widget-container\">\n\t\t\t<h2 class=\"elementor-heading-title elementor-size-default\">Soluciones<\/h2>\t\t<\/div>\n\t\t\t\t<\/div>\n\t\t\t\t<div class=\"elementor-element elementor-element-8efab15 elementor-widget elementor-widget-text-editor\" data-id=\"8efab15\" data-element_type=\"widget\" data-widget_type=\"text-editor.default\">\n\t\t\t\t<div class=\"elementor-widget-container\">\n\t\t\t\t\t\t\t<ul><li><strong>YoloBox<\/strong>: un potente mezclador de video y soluci\u00f3n de transmisi\u00f3n en vivo todo en uno, que simplifica la creaci\u00f3n de contenido en tiempo real.<\/li><li><strong>YoloBox Pro<\/strong>la versi\u00f3n profesional, que eleva a\u00fan m\u00e1s las capacidades con funciones adicionales y un rendimiento mejorado para productores exigentes.<\/li><li><strong>YoloBox Mini<\/strong>: una opci\u00f3n compacta pero poderosa, dise\u00f1ada para la movilidad sin sacrificar funcionalidad, perfecta para creadores en movimiento.<\/li><li><strong>YoloBox Ultra<\/strong>: la joya de la corona, con las mejores caracter\u00edsticas combinadas del YoloBox Pro e Instream. El YoloBox Ultra ofrece un rendimiento excepcional para satisfacer las demandas m\u00e1s exigentes.<\/li><li><strong>Instream<\/strong>: una soluci\u00f3n integral para la gesti\u00f3n y programaci\u00f3n de transmisiones en vivo, optimizando la experiencia del usuario y la interacci\u00f3n en tiempo real.<\/li><li><strong>Verticam<\/strong>: una c\u00e1mara vertical dise\u00f1ada para la transmisi\u00f3n en plataformas de medios sociales, capturando contenido de manera perfecta para las tendencias actuales.<\/li><li><strong>YoloMax<\/strong>: una herramienta vers\u00e1til que te ayudar\u00e1 a agilizar las ventas en vivo y crear mayor engagement.<\/li><li><strong>YoloCast<\/strong>: plataforma de transmisi\u00f3n en la nube que facilita la gesti\u00f3n, programaci\u00f3n y an\u00e1lisis de transmisiones en vivo.<\/li><\/ul>\t\t\t\t\t\t<\/div>\n\t\t\t\t<\/div>\n\t\t\t\t\t<\/div>\n\t\t<\/div>\n\t\t\t\t\t<\/div>\n\t\t<\/section>\n\t\t\t\t<section class=\"elementor-section elementor-top-section elementor-element elementor-element-991d399 elementor-section-boxed elementor-section-height-default elementor-section-height-default\" data-id=\"991d399\" data-element_type=\"section\">\n\t\t\t\t\t\t<div class=\"elementor-container elementor-column-gap-default\">\n\t\t\t\t\t<div class=\"elementor-column elementor-col-100 elementor-top-column elementor-element elementor-element-0830eca\" data-id=\"0830eca\" data-element_type=\"column\">\n\t\t\t<div class=\"elementor-widget-wrap elementor-element-populated\">\n\t\t\t\t\t\t<div class=\"elementor-element elementor-element-02fda9a elementor-widget elementor-widget-text-editor\" data-id=\"02fda9a\" data-element_type=\"widget\" data-widget_type=\"text-editor.default\">\n\t\t\t\t<div class=\"elementor-widget-container\">\n\t\t\t\t\t\t\t<p>Las soluciones de YoloLiv est\u00e1n dise\u00f1adas para satisfacer las necesidades de transmisi\u00f3n en vivo de diversas industrias, desde eventos deportivos y conferencias hasta transmisiones religiosas y educativas. Con su enfoque en la facilidad de uso y la integraci\u00f3n todo en uno, YoloLiv se posiciona como una opci\u00f3n l\u00edder para transmisiones tanto profesionales como amateur.<\/p>\t\t\t\t\t\t<\/div>\n\t\t\t\t<\/div>\n\t\t\t\t\t<\/div>\n\t\t<\/div>\n\t\t\t\t\t<\/div>\n\t\t<\/section>\n\t\t\t\t<section class=\"elementor-section elementor-top-section elementor-element elementor-element-9baf92c elementor-section-boxed elementor-section-height-default elementor-section-height-default\" data-id=\"9baf92c\" data-element_type=\"section\" data-settings=\"{&quot;background_background&quot;:&quot;classic&quot;}\">\n\t\t\t\t\t\t<div class=\"elementor-container elementor-column-gap-default\">\n\t\t\t\t\t<div class=\"elementor-column elementor-col-50 elementor-top-column elementor-element elementor-element-6411f17\" data-id=\"6411f17\" data-element_type=\"column\">\n\t\t\t<div class=\"elementor-widget-wrap elementor-element-populated\">\n\t\t\t\t\t\t<div class=\"elementor-element elementor-element-4d2b862 elementor-widget elementor-widget-heading\" data-id=\"4d2b862\" data-element_type=\"widget\" data-widget_type=\"heading.default\">\n\t\t\t\t<div class=\"elementor-widget-container\">\n\t\t\t<h3 class=\"elementor-heading-title elementor-size-default\">\u00a1Estamos en l\u00ednea! Nuestros expertos te atender\u00e1n por chat de Lunes a Viernes de 7:30 a 18:00 USA MST.<\/h3>\t\t<\/div>\n\t\t\t\t<\/div>\n\t\t\t\t\t<\/div>\n\t\t<\/div>\n\t\t\t\t<div class=\"elementor-column elementor-col-50 elementor-top-column elementor-element elementor-element-a377b71\" data-id=\"a377b71\" data-element_type=\"column\">\n\t\t\t<div class=\"elementor-widget-wrap elementor-element-populated\">\n\t\t\t\t\t\t<div class=\"elementor-element elementor-element-6da889c elementor-align-left elementor-mobile-align-center elementor-widget elementor-widget-button\" data-id=\"6da889c\" data-element_type=\"widget\" data-widget_type=\"button.default\">\n\t\t\t\t<div class=\"elementor-widget-container\">\n\t\t\t\t\t<div class=\"elementor-button-wrapper\">\n\t\t\t<a class=\"elementor-button elementor-button-link elementor-size-md\" href=\"https:\/\/tdmcommunicationsinc.com\/es\/contacto\/\">\n\t\t\t\t\t\t<span class=\"elementor-button-content-wrapper\">\n\t\t\t\t\t\t\t\t\t<span class=\"elementor-button-text\">CONTACTO<\/span>\n\t\t\t\t\t<\/span>\n\t\t\t\t\t<\/a>\n\t\t<\/div>\n\t\t\t\t<\/div>\n\t\t\t\t<\/div>\n\t\t\t\t\t<\/div>\n\t\t<\/div>\n\t\t\t\t\t<\/div>\n\t\t<\/section>\n\t\t\t\t<\/div>","protected":false},"excerpt":{"rendered":"<p>YoloLiv Broadcast Live from Anywhere to Anywhere with YoloLiv YoloLiv Tech, a leader in the design and development of live production equipment and solutions, is headquartered in Hangzhou, China. Since its founding, YoloLiv has focused on making professional live broadcasts accessible to everyone. That&#8217;s why they are always innovating their hardware and software. Solutions YoloBox: [&hellip;]<\/p>","protected":false},"author":3,"featured_media":10401,"parent":992,"menu_order":0,"comment_status":"closed","ping_status":"closed","template":"","meta":{"site-sidebar-layout":"no-sidebar","site-content-layout":"page-builder","ast-site-content-layout":"full-width-container","site-content-style":"default","site-sidebar-style":"default","ast-global-header-display":"","ast-banner-title-visibility":"","ast-main-header-display":"","ast-hfb-above-header-display":"","ast-hfb-below-header-display":"","ast-hfb-mobile-header-display":"","site-post-title":"disabled","ast-breadcrumbs-content":"","ast-featured-img":"disabled","footer-sml-layout":"","theme-transparent-header-meta":"default","adv-header-id-meta":"","stick-header-meta":"","header-above-stick-meta":"","header-main-stick-meta":"","header-below-stick-meta":"","astra-migrate-meta-layouts":"set","ast-page-background-enabled":"default","ast-page-background-meta":{"desktop":{"background-color":"","background-image":"","background-repeat":"repeat","background-position":"center center","background-size":"auto","background-attachment":"scroll","background-type":"","background-media":"","overlay-type":"","overlay-color":"","overlay-gradient":""},"tablet":{"background-color":"","background-image":"","background-repeat":"repeat","background-position":"center center","background-size":"auto","background-attachment":"scroll","background-type":"","background-media":"","overlay-type":"","overlay-color":"","overlay-gradient":""},"mobile":{"background-color":"","background-image":"","background-repeat":"repeat","background-position":"center center","background-size":"auto","background-attachment":"scroll","background-type":"","background-media":"","overlay-type":"","overlay-color":"","overlay-gradient":""}},"ast-content-background-meta":{"desktop":{"background-color":"var(--ast-global-color-5)","background-image":"","background-repeat":"repeat","background-position":"center center","background-size":"auto","background-attachment":"scroll","background-type":"","background-media":"","overlay-type":"","overlay-color":"","overlay-gradient":""},"tablet":{"background-color":"var(--ast-global-color-5)","background-image":"","background-repeat":"repeat","background-position":"center center","background-size":"auto","background-attachment":"scroll","background-type":"","background-media":"","overlay-type":"","overlay-color":"","overlay-gradient":""},"mobile":{"background-color":"var(--ast-global-color-5)","background-image":"","background-repeat":"repeat","background-position":"center center","background-size":"auto","background-attachment":"scroll","background-type":"","background-media":"","overlay-type":"","overlay-color":"","overlay-gradient":""}},"footnotes":""},"_links":{"self":[{"href":"https:\/\/tdmcommunicationsinc.com\/es\/wp-json\/wp\/v2\/pages\/10400"}],"collection":[{"href":"https:\/\/tdmcommunicationsinc.com\/es\/wp-json\/wp\/v2\/pages"}],"about":[{"href":"https:\/\/tdmcommunicationsinc.com\/es\/wp-json\/wp\/v2\/types\/page"}],"author":[{"embeddable":true,"href":"https:\/\/tdmcommunicationsinc.com\/es\/wp-json\/wp\/v2\/users\/3"}],"replies":[{"embeddable":true,"href":"https:\/\/tdmcommunicationsinc.com\/es\/wp-json\/wp\/v2\/comments?post=10400"}],"version-history":[{"count":38,"href":"https:\/\/tdmcommunicationsinc.com\/es\/wp-json\/wp\/v2\/pages\/10400\/revisions"}],"predecessor-version":[{"id":10456,"href":"https:\/\/tdmcommunicationsinc.com\/es\/wp-json\/wp\/v2\/pages\/10400\/revisions\/10456"}],"up":[{"embeddable":true,"href":"https:\/\/tdmcommunicationsinc.com\/es\/wp-json\/wp\/v2\/pages\/992"}],"wp:featuredmedia":[{"embeddable":true,"href":"https:\/\/tdmcommunicationsinc.com\/es\/wp-json\/wp\/v2\/media\/10401"}],"wp:attachment":[{"href":"https:\/\/tdmcommunicationsinc.com\/es\/wp-json\/wp\/v2\/media?parent=10400"}],"curies":[{"name":"wp","href":"https:\/\/api.w.org\/{rel}","templated":true}]}}