{"id":3314,"date":"2021-06-25T16:13:38","date_gmt":"2021-06-25T16:13:38","guid":{"rendered":"https:\/\/tdmcommunications.com\/?page_id=3314"},"modified":"2021-07-22T23:11:43","modified_gmt":"2021-07-22T23:11:43","slug":"importance-of-digital-signage-in-covid-times","status":"publish","type":"page","link":"https:\/\/tdmcommunicationsinc.com\/es\/soluciones-int\/senalizacion-digital\/importancia-se-senalizacion-digital-en-tiempos-de-covid\/","title":{"rendered":"Importance of digital signage in Covid times"},"content":{"rendered":"<div data-elementor-type=\"wp-page\" data-elementor-id=\"3314\" class=\"elementor elementor-3314\" data-elementor-post-type=\"page\">\n\t\t\t\t\t\t<section class=\"elementor-section elementor-top-section elementor-element elementor-element-b860b60 elementor-section-height-min-height elementor-section-boxed elementor-section-height-default elementor-section-items-middle\" data-id=\"b860b60\" data-element_type=\"section\" data-settings=\"{&quot;background_background&quot;:&quot;classic&quot;}\">\n\t\t\t\t\t\t\t<div class=\"elementor-background-overlay\"><\/div>\n\t\t\t\t\t\t\t<div class=\"elementor-container elementor-column-gap-no\">\n\t\t\t\t\t<div class=\"elementor-column elementor-col-100 elementor-top-column elementor-element elementor-element-ecbdf62\" data-id=\"ecbdf62\" data-element_type=\"column\">\n\t\t\t<div class=\"elementor-widget-wrap elementor-element-populated\">\n\t\t\t\t\t\t<div class=\"elementor-element elementor-element-46ff80a elementor-widget elementor-widget-heading\" data-id=\"46ff80a\" data-element_type=\"widget\" data-widget_type=\"heading.default\">\n\t\t\t\t<div class=\"elementor-widget-container\">\n\t\t\t<h1 class=\"elementor-heading-title elementor-size-default\">SE\u00d1ALIZACI\u00d3N DIGITAL<\/h1>\t\t<\/div>\n\t\t\t\t<\/div>\n\t\t\t\t<div class=\"elementor-element elementor-element-0a66a23 elementor-widget elementor-widget-heading\" data-id=\"0a66a23\" data-element_type=\"widget\" data-widget_type=\"heading.default\">\n\t\t\t\t<div class=\"elementor-widget-container\">\n\t\t\t<h5 class=\"elementor-heading-title elementor-size-default\">Soluciones<\/h5>\t\t<\/div>\n\t\t\t\t<\/div>\n\t\t\t\t\t<\/div>\n\t\t<\/div>\n\t\t\t\t\t<\/div>\n\t\t<\/section>\n\t\t\t\t<section class=\"elementor-section elementor-top-section elementor-element elementor-element-c40efdf elementor-section-boxed elementor-section-height-default elementor-section-height-default\" data-id=\"c40efdf\" data-element_type=\"section\">\n\t\t\t\t\t\t<div class=\"elementor-container elementor-column-gap-default\">\n\t\t\t\t\t<div class=\"elementor-column elementor-col-100 elementor-top-column elementor-element elementor-element-52d8164\" data-id=\"52d8164\" data-element_type=\"column\">\n\t\t\t<div class=\"elementor-widget-wrap elementor-element-populated\">\n\t\t\t\t\t\t<div class=\"elementor-element elementor-element-74ca556 elementor-widget elementor-widget-heading\" data-id=\"74ca556\" data-element_type=\"widget\" data-widget_type=\"heading.default\">\n\t\t\t\t<div class=\"elementor-widget-container\">\n\t\t\t<h2 class=\"elementor-heading-title elementor-size-default\">LA IMPORTANCIA DE SE\u00d1ALIZACION DIGITAL EN TIEMPOS DE COVID<\/h2>\t\t<\/div>\n\t\t\t\t<\/div>\n\t\t\t\t<div class=\"elementor-element elementor-element-628c7c1 elementor-widget elementor-widget-heading\" data-id=\"628c7c1\" data-element_type=\"widget\" data-widget_type=\"heading.default\">\n\t\t\t\t<div class=\"elementor-widget-container\">\n\t\t\t<h4 class=\"elementor-heading-title elementor-size-default\">Objetivo: Conocer la importancia de la se\u00f1alizaci\u00f3n digital en tiempos de Covid-19 para tener como prioridad la seguridad de clientes cuando se tengan abiertos los negocios.<\/h4>\t\t<\/div>\n\t\t\t\t<\/div>\n\t\t\t\t\t<\/div>\n\t\t<\/div>\n\t\t\t\t\t<\/div>\n\t\t<\/section>\n\t\t\t\t<section class=\"elementor-section elementor-top-section elementor-element elementor-element-7a85925 elementor-section-boxed elementor-section-height-default elementor-section-height-default\" data-id=\"7a85925\" data-element_type=\"section\" data-settings=\"{&quot;background_background&quot;:&quot;classic&quot;}\">\n\t\t\t\t\t\t\t<div class=\"elementor-background-overlay\"><\/div>\n\t\t\t\t\t\t\t<div class=\"elementor-container elementor-column-gap-no\">\n\t\t\t\t\t<div class=\"elementor-column elementor-col-100 elementor-top-column elementor-element elementor-element-ac7d132\" data-id=\"ac7d132\" data-element_type=\"column\">\n\t\t\t<div class=\"elementor-widget-wrap elementor-element-populated\">\n\t\t\t\t\t\t<div class=\"elementor-element elementor-element-957f431 elementor-widget elementor-widget-html\" data-id=\"957f431\" data-element_type=\"widget\" data-widget_type=\"html.default\">\n\t\t\t\t<div class=\"elementor-widget-container\">\n\t\t\t<iframe style=\"border: none; width: 100%; height: 500px;\" allowfullscreen=\"allowfullscreen\" allow=\"fullscreen\" src=\"\/\/e.issuu.com\/embed.html?d=la_importancia_de_la_se_alizaci_n_en_tiempos_de_co&amp;u=tdm-company\"><span style=\"display: inline-block; width: 0px; overflow: hidden; line-height: 0;\" data-mce-type=\"bookmark\" class=\"mce_SELRES_start\"><\/span><\/iframe>\t\t<\/div>\n\t\t\t\t<\/div>\n\t\t\t\t\t<\/div>\n\t\t<\/div>\n\t\t\t\t\t<\/div>\n\t\t<\/section>\n\t\t\t\t<section class=\"elementor-section elementor-top-section elementor-element elementor-element-4cf5981 elementor-section-full_width elementor-section-height-default elementor-section-height-default\" data-id=\"4cf5981\" data-element_type=\"section\" data-settings=\"{&quot;background_background&quot;:&quot;classic&quot;}\">\n\t\t\t\t\t\t\t<div class=\"elementor-background-overlay\"><\/div>\n\t\t\t\t\t\t\t<div class=\"elementor-container elementor-column-gap-no\">\n\t\t\t\t\t<div class=\"elementor-column elementor-col-100 elementor-top-column elementor-element elementor-element-be59d03\" data-id=\"be59d03\" data-element_type=\"column\">\n\t\t\t<div class=\"elementor-widget-wrap elementor-element-populated\">\n\t\t\t\t\t\t<section class=\"elementor-section elementor-inner-section elementor-element elementor-element-e98db33 elementor-section-boxed elementor-section-height-default elementor-section-height-default\" data-id=\"e98db33\" data-element_type=\"section\">\n\t\t\t\t\t\t<div class=\"elementor-container elementor-column-gap-default\">\n\t\t\t\t\t<div class=\"elementor-column elementor-col-100 elementor-inner-column elementor-element elementor-element-38b21a2\" data-id=\"38b21a2\" data-element_type=\"column\">\n\t\t\t<div class=\"elementor-widget-wrap elementor-element-populated\">\n\t\t\t\t\t\t<div class=\"elementor-element elementor-element-dd7de0c elementor-widget elementor-widget-text-editor\" data-id=\"dd7de0c\" data-element_type=\"widget\" data-widget_type=\"text-editor.default\">\n\t\t\t\t<div class=\"elementor-widget-container\">\n\t\t\t\t\t\t\t<center>\n<h2 class=\"elementor-heading-title elementor-size-default elementor-inline-editing pen\" style=\"font-style: normal; font-weight: var( --e-global-typography-primary-font-weight ); margin-bottom: 0px; color: #ffffff; font-family: Montserrat, sans-serif; text-transform: uppercase;\" data-elementor-setting-key=\"title\" data-pen-placeholder=\"Type Here...\">\u00a0TE EXPLICAMOS LA SOLUCION EN EL SIGUIENTE WEBINAR<\/h2>\t\t\t\t\t\t<\/div>\n\t\t\t\t<\/div>\n\t\t\t\t\t<\/div>\n\t\t<\/div>\n\t\t\t\t\t<\/div>\n\t\t<\/section>\n\t\t\t\t<section class=\"elementor-section elementor-inner-section elementor-element elementor-element-7df1580 elementor-section-boxed elementor-section-height-default elementor-section-height-default\" data-id=\"7df1580\" data-element_type=\"section\">\n\t\t\t\t\t\t<div class=\"elementor-container elementor-column-gap-default\">\n\t\t\t\t\t<div class=\"elementor-column elementor-col-100 elementor-inner-column elementor-element elementor-element-9eb4b2c\" data-id=\"9eb4b2c\" data-element_type=\"column\">\n\t\t\t<div class=\"elementor-widget-wrap elementor-element-populated\">\n\t\t\t\t\t\t<div class=\"elementor-element elementor-element-291faf9 elementor-widget elementor-widget-video\" data-id=\"291faf9\" data-element_type=\"widget\" data-settings=\"{&quot;youtube_url&quot;:&quot;www.youtube.com\\\/embed\\\/LW2-sTaIZ9Q&quot;,&quot;video_type&quot;:&quot;youtube&quot;,&quot;controls&quot;:&quot;yes&quot;}\" data-widget_type=\"video.default\">\n\t\t\t\t<div class=\"elementor-widget-container\">\n\t\t\t\t\t<div class=\"elementor-wrapper elementor-open-inline\">\n\t\t\t<div class=\"elementor-video\"><\/div>\t\t<\/div>\n\t\t\t\t<\/div>\n\t\t\t\t<\/div>\n\t\t\t\t\t<\/div>\n\t\t<\/div>\n\t\t\t\t\t<\/div>\n\t\t<\/section>\n\t\t\t\t\t<\/div>\n\t\t<\/div>\n\t\t\t\t\t<\/div>\n\t\t<\/section>\n\t\t\t\t<section class=\"elementor-section elementor-top-section elementor-element elementor-element-7f86d01 elementor-section-boxed elementor-section-height-default elementor-section-height-default\" data-id=\"7f86d01\" data-element_type=\"section\">\n\t\t\t\t\t\t<div class=\"elementor-container elementor-column-gap-default\">\n\t\t\t\t\t<div class=\"elementor-column elementor-col-100 elementor-top-column elementor-element elementor-element-47bb757\" data-id=\"47bb757\" data-element_type=\"column\">\n\t\t\t<div class=\"elementor-widget-wrap elementor-element-populated\">\n\t\t\t\t\t\t<div class=\"elementor-element elementor-element-c320760 elementor-widget elementor-widget-text-editor\" data-id=\"c320760\" data-element_type=\"widget\" data-widget_type=\"text-editor.default\">\n\t\t\t\t<div class=\"elementor-widget-container\">\n\t\t\t\t\t\t\t<p>En estos tiempos de COVID-19 la importancia de la se\u00f1alizaci\u00f3n digital se ha incrementado, mantener seguros a nuestros clientes y colaboradores para revenir contagios es la prioridad que las empresas deben de tener al continuar con sus actividades bajo las nuevas medidas de seguridad y distanciamiento social. Una herramienta de apoyo ante esta situaci\u00f3n es la se\u00f1alizaci\u00f3n digital.<\/p><h2>Se\u00f1alizaci\u00f3n digital factor clave en la comunicaci\u00f3n.<\/h2><p>La se\u00f1alizaci\u00f3n digital no es solo una soluci\u00f3n temporal de comunicaci\u00f3n ante el COVID-19, ya que tras la reanudaci\u00f3n o apertura de negocios se convierte en pieza clave para maximizar el impacto de nuestra comunicaci\u00f3n ya que esta tecnolog\u00eda permite una m\u00e1s completa inmersi\u00f3n de empleados, clientes y clientes potenciales hacia nuestra empresa, marca o productos.<\/p><h2>Se\u00f1alizaci\u00f3n digital como herramienta de comunicaci\u00f3n.<\/h2><ul><li>Se\u00f1alizaci\u00f3n digital para anunciar las medidas de prevenci\u00f3n obligatorias, tales como: sana distancia, cubre bocas, caretas, el lavado de manos, etc.<\/li><li>Se\u00f1alizaci\u00f3n digital para men\u00fa digital, para evitar el contacto con men\u00fas f\u00edsicos, se aprovecha para mostrar el men\u00fa en pantallas y a su vez mostrar un c\u00f3digo QR en ella para que el cliente pueda verlo en su propio dispositivo.<\/li><li>Se\u00f1alizaci\u00f3n digital para control de aforo, a trav\u00e9s de pantallas en las entradas, mostrar la capacidad de personas que permite el lugar y avisar cuando ya no puedan ingresar m\u00e1s hasta que salgan personas, y a la vez mostrar las medidas de prevenci\u00f3n que se est\u00e9n tomando.<\/li><\/ul><p>La se\u00f1alizaci\u00f3n digital es en este 2020 una herramienta con mucho potencial y de gran ayuda en las empresas para continuar con sus labores y evitar el esparcimiento del virus manteniendo a toda su gente informada y actualizada ante las medidas de prevenci\u00f3n.<\/p>\t\t\t\t\t\t<\/div>\n\t\t\t\t<\/div>\n\t\t\t\t\t<\/div>\n\t\t<\/div>\n\t\t\t\t\t<\/div>\n\t\t<\/section>\n\t\t\t\t<section class=\"elementor-section elementor-top-section elementor-element elementor-element-6e35cef elementor-section-boxed elementor-section-height-default elementor-section-height-default\" data-id=\"6e35cef\" data-element_type=\"section\">\n\t\t\t\t\t\t<div class=\"elementor-container elementor-column-gap-default\">\n\t\t\t\t\t<div class=\"elementor-column elementor-col-100 elementor-top-column elementor-element elementor-element-b2b3876\" data-id=\"b2b3876\" data-element_type=\"column\">\n\t\t\t<div class=\"elementor-widget-wrap\">\n\t\t\t\t\t\t\t<\/div>\n\t\t<\/div>\n\t\t\t\t\t<\/div>\n\t\t<\/section>\n\t\t\t\t<\/div>","protected":false},"excerpt":{"rendered":"<p>DIGITAL SIGNAGE Solutions THE IMPORTANCE OF DIGITAL SIGNAGE IN COVID TIMES Goal: To know the importance of digital signage in times of Covid-19 in order to have as priority the safety of costumers when having an open business \ufeff \u00a0WE EXPLAIN TO YOU THIS SOLUTION ON THE NEXT WEBINAR http:\/\/www.youtube.com\/embed\/LW2-sTaIZ9Q In these times of COVID-19 [&hellip;]<\/p>","protected":false},"author":2,"featured_media":0,"parent":2924,"menu_order":0,"comment_status":"closed","ping_status":"closed","template":"elementor_header_footer","meta":{"site-sidebar-layout":"no-sidebar","site-content-layout":"page-builder","ast-site-content-layout":"","site-content-style":"default","site-sidebar-style":"default","ast-global-header-display":"","ast-banner-title-visibility":"","ast-main-header-display":"","ast-hfb-above-header-display":"","ast-hfb-below-header-display":"","ast-hfb-mobile-header-display":"","site-post-title":"","ast-breadcrumbs-content":"","ast-featured-img":"","footer-sml-layout":"","theme-transparent-header-meta":"default","adv-header-id-meta":"","stick-header-meta":"","header-above-stick-meta":"","header-main-stick-meta":"","header-below-stick-meta":"","astra-migrate-meta-layouts":"default","ast-page-background-enabled":"default","ast-page-background-meta":{"desktop":{"background-color":"","background-image":"","background-repeat":"repeat","background-position":"center center","background-size":"auto","background-attachment":"scroll","background-type":"","background-media":"","overlay-type":"","overlay-color":"","overlay-gradient":""},"tablet":{"background-color":"","background-image":"","background-repeat":"repeat","background-position":"center center","background-size":"auto","background-attachment":"scroll","background-type":"","background-media":"","overlay-type":"","overlay-color":"","overlay-gradient":""},"mobile":{"background-color":"","background-image":"","background-repeat":"repeat","background-position":"center center","background-size":"auto","background-attachment":"scroll","background-type":"","background-media":"","overlay-type":"","overlay-color":"","overlay-gradient":""}},"ast-content-background-meta":{"desktop":{"background-color":"var(--ast-global-color-5)","background-image":"","background-repeat":"repeat","background-position":"center center","background-size":"auto","background-attachment":"scroll","background-type":"","background-media":"","overlay-type":"","overlay-color":"","overlay-gradient":""},"tablet":{"background-color":"var(--ast-global-color-5)","background-image":"","background-repeat":"repeat","background-position":"center center","background-size":"auto","background-attachment":"scroll","background-type":"","background-media":"","overlay-type":"","overlay-color":"","overlay-gradient":""},"mobile":{"background-color":"var(--ast-global-color-5)","background-image":"","background-repeat":"repeat","background-position":"center center","background-size":"auto","background-attachment":"scroll","background-type":"","background-media":"","overlay-type":"","overlay-color":"","overlay-gradient":""}},"footnotes":""},"_links":{"self":[{"href":"https:\/\/tdmcommunicationsinc.com\/es\/wp-json\/wp\/v2\/pages\/3314"}],"collection":[{"href":"https:\/\/tdmcommunicationsinc.com\/es\/wp-json\/wp\/v2\/pages"}],"about":[{"href":"https:\/\/tdmcommunicationsinc.com\/es\/wp-json\/wp\/v2\/types\/page"}],"author":[{"embeddable":true,"href":"https:\/\/tdmcommunicationsinc.com\/es\/wp-json\/wp\/v2\/users\/2"}],"replies":[{"embeddable":true,"href":"https:\/\/tdmcommunicationsinc.com\/es\/wp-json\/wp\/v2\/comments?post=3314"}],"version-history":[{"count":33,"href":"https:\/\/tdmcommunicationsinc.com\/es\/wp-json\/wp\/v2\/pages\/3314\/revisions"}],"predecessor-version":[{"id":6320,"href":"https:\/\/tdmcommunicationsinc.com\/es\/wp-json\/wp\/v2\/pages\/3314\/revisions\/6320"}],"up":[{"embeddable":true,"href":"https:\/\/tdmcommunicationsinc.com\/es\/wp-json\/wp\/v2\/pages\/2924"}],"wp:attachment":[{"href":"https:\/\/tdmcommunicationsinc.com\/es\/wp-json\/wp\/v2\/media?parent=3314"}],"curies":[{"name":"wp","href":"https:\/\/api.w.org\/{rel}","templated":true}]}}